


{"id":1057,"date":"2023-07-09T16:58:20","date_gmt":"2023-07-09T14:58:20","guid":{"rendered":"https:\/\/neverenougharchitecture.com\/terminos-condiciones-y-politica-de-privacidad\/"},"modified":"2024-03-27T13:32:21","modified_gmt":"2024-03-27T12:32:21","slug":"terminos-condiciones-y-politica-de-privacidad","status":"publish","type":"page","link":"https:\/\/neverenougharchitecture.com\/es\/terminos-condiciones-y-politica-de-privacidad\/","title":{"rendered":"T\u00e9rminos, Condiciones y Pol\u00edtica de Privacidad"},"content":{"rendered":"[vc_row type=&#8221;in_container&#8221; full_screen_row_position=&#8221;middle&#8221; column_margin=&#8221;default&#8221; column_direction=&#8221;default&#8221; column_direction_tablet=&#8221;default&#8221; column_direction_phone=&#8221;default&#8221; scene_position=&#8221;center&#8221; text_color=&#8221;dark&#8221; text_align=&#8221;left&#8221; row_border_radius=&#8221;none&#8221; row_border_radius_applies=&#8221;bg&#8221; overflow=&#8221;visible&#8221; overlay_strength=&#8221;0.3&#8243; gradient_direction=&#8221;left_to_right&#8221; shape_divider_position=&#8221;bottom&#8221; bg_image_animation=&#8221;none&#8221;][vc_column column_padding=&#8221;padding-10-percent&#8221; column_padding_tablet=&#8221;inherit&#8221; column_padding_phone=&#8221;inherit&#8221; column_padding_position=&#8221;top-bottom&#8221; column_element_direction_desktop=&#8221;default&#8221; column_element_spacing=&#8221;default&#8221; desktop_text_alignment=&#8221;default&#8221; tablet_text_alignment=&#8221;default&#8221; phone_text_alignment=&#8221;default&#8221; background_color_opacity=&#8221;1&#8243; background_hover_color_opacity=&#8221;1&#8243; column_backdrop_filter=&#8221;none&#8221; column_shadow=&#8221;none&#8221; column_border_radius=&#8221;none&#8221; column_link_target=&#8221;_self&#8221; column_position=&#8221;default&#8221; gradient_direction=&#8221;left_to_right&#8221; overlay_strength=&#8221;0.3&#8243; width=&#8221;1\/1&#8243; tablet_width_inherit=&#8221;default&#8221; animation_type=&#8221;default&#8221; bg_image_animation=&#8221;none&#8221; border_type=&#8221;simple&#8221; column_border_width=&#8221;none&#8221; column_border_style=&#8221;solid&#8221; column_padding_type=&#8221;default&#8221; gradient_type=&#8221;default&#8221;][vc_column_text]<!-- \/wp:paragraph --><\/p>\n<p><!-- wp:paragraph --><\/p>\n<h2>T\u00c9RMINOS, CONDICIONES Y POL\u00cdTICA DE PRIVACIDAD<\/h2>\n<p>Al registrarse en nuestro sitio web y participar en nuestros concursos, acepta estos T\u00e9rminos y Condiciones. Por favor, l\u00e9alos detenidamente:<\/p>\n<p>\u00daLTIMA ACTUALIZACI\u00d3N: Marzo 2024<\/p>\n<p>&nbsp;<\/p>\n<p><!-- \/wp:paragraph --><\/p>\n<h3>1. DEFINICIONES<\/h3>\n<p>&#8220;Usuario&#8221; se refiere a cualquier persona que utilice nuestro sitio web, se registre en \u00e9l o participe en nuestros concursos.<\/p>\n<p>&#8220;Proyecto&#8221; se refiere a cualquier trabajo, material o documento presentado por un usuario en nuestros concursos a trav\u00e9s de nuestra p\u00e1gina web.<\/p>\n<p>&nbsp;<\/p>\n<h3>2. USO DE LA WEB<\/h3>\n<p>Los usuarios deben tener al menos 18 a\u00f1os para utilizar nuestro sitio web, registrarse en \u00e9l y participar en nuestros concursos. Al utilizar nuestro sitio web, usted garantiza que cumple con este requisito.<\/p>\n<p>NEA se reserva el derecho a modificar o retirar, temporal o permanentemente, la informaci\u00f3n contenida en este sitio web (o en cualquier parte de \u00e9l) con o sin previo aviso.<\/p>\n<p>&nbsp;<\/p>\n<h3>3. POL\u00cdTICA DE PRIVACIDAD Y PROTECCI\u00d3N DE DATOS<\/h3>\n<p>NEA recopilar\u00e1, tratar\u00e1 y proteger\u00e1 los datos de car\u00e1cter personal que se recojan a trav\u00e9s de esta web de conformidad con el Reglamento General de Protecci\u00f3n de Datos de la UE y con la normativa espa\u00f1ola vigente sobre protecci\u00f3n de datos.<\/p>\n<p>Al registrarse en nuestra p\u00e1gina web o participar en nuestros concursos, usted consiente el tratamiento de sus datos personales en la forma y para los fines se\u00f1alados a continuaci\u00f3n.<\/p>\n<p>3.1. QU\u00c9 DATOS PERSONALES RECOPILAMOS<\/p>\n<p>Recopilamos exclusivamente los datos personales que usted nos proporciona al registrarse en nuestro sitio web y participar en nuestros concursos. Estos datos incluyen su nombre, edad, nacionalidad, pa\u00eds de residencia, direcci\u00f3n de correo electr\u00f3nico y, en su caso, universidad en la que estudia.<\/p>\n<p>3.2. C\u00d3MO USAMOS SUS DATOS PERSONALES<\/p>\n<p>Usamos sus datos personales exclusivamente para gestionar nuestros concursos, comunicarnos con usted y mejorar nuestro sitio web.<\/p>\n<p>El env\u00edo de informaci\u00f3n sobre pr\u00f3ximos concursos u otra informaci\u00f3n comercial requiere consentimiento expreso que puede ser revocado en cualquier momento.<\/p>\n<p>3.3. C\u00d3MO PROTEGEMOS SUS DATOS PERSONALES<\/p>\n<p>Implementamos medidas de seguridad para proteger sus datos personales contra el acceso o la modificaci\u00f3n no autorizados, la divulgaci\u00f3n o la destrucci\u00f3n.<\/p>\n<p>Los datos personales recopilados en ning\u00fan caso ser\u00e1n comunicados a terceros. Estos datos ser\u00e1n accesibles s\u00f3lo para el equipo de NEA, miembros del jurado e instructores. Los datos necesarios e imprescindibles podr\u00e1n ser comunicados a proveedores de servicios que no estar\u00e1n autorizados a hacer ning\u00fan uso distinto de dichos datos. Tambi\u00e9n podr\u00e1n compartirse con medios de comunicaci\u00f3n y a trav\u00e9s de redes sociales con el exclusivo fin de publicar y difundir los resultados de un concurso. Tambi\u00e9n podr\u00e1n ser comunicados en el marco de una investigaci\u00f3n judicial o cuando as\u00ed lo exija una disposici\u00f3n legal.<\/p>\n<p>3.4. SUS DERECHOS<\/p>\n<p>Usted tiene derecho a acceder a sus datos personales, a rectificarlos, a solicitar su supresi\u00f3n, a oponerse a su tratamiento y a solicitar la limitaci\u00f3n de su tratamiento. Puede ejercer estos derechos a trav\u00e9s del siguiente correo electr\u00f3nico:<\/p>\n<p>3.5. RESPONSABLE DEL TRATAMIENTO<\/p>\n<p>&nbsp;<\/p>\n<p>&nbsp;<\/p>\n<h3>4. POL\u00cdTICA DE COOKIES<\/h3>\n<p>4.1. \u00bfQU\u00c9 SON LAS COOKIES?<\/p>\n<p>Las cookies son peque\u00f1os archivos de texto que se almacenan en su dispositivo cuando visita nuestro sitio web y sirven para registrar las actividades del usuario durante su tiempo de navegaci\u00f3n. S\u00f3lo se asocian con usuarios an\u00f3nimos y no pueden suministrar, por s\u00ed mismas, datos personales de aqu\u00e9llos.<\/p>\n<p>4.2. \u00bfC\u00d3MO USAMOS LAS COOKIES?<\/p>\n<p>Utilizamos cookies para recordar sus preferencias, para entender c\u00f3mo utiliza nuestro sitio web, para personalizar el contenido y la publicidad y, en general para mejorar la experiencia del usuario en nuestro sitio web.<\/p>\n<p>4.3. C\u00d3MO GESTIONAR LAS COOKIES<\/p>\n<p>Al entrar en nuestra p\u00e1gina web usted podr\u00e1 aceptar o rechazar el uso de cookies. Tambi\u00e9n puede gestionar las cookies a trav\u00e9s de la configuraci\u00f3n de su navegador. Sin embargo, si desactiva las cookies, es posible que algunas partes de nuestro sitio web no funcionen correctamente.<\/p>\n<p>&nbsp;<\/p>\n<h3>5. CONTENIDOS DE TERCEROS<\/h3>\n<p>Nuestro sitio web puede contener enlaces a sitios web de terceros, NEA no se hace responsable del contenido y pol\u00edtica de protecci\u00f3n de datos de dichos sitios web de terceros.<\/p>\n<p>As\u00ed mismo, toda la informaci\u00f3n y comentarios cargados por los usuarios a trav\u00e9s de cualquier canal de participaci\u00f3n que se habilite en la p\u00e1gina web se consideran cedidos a NEA. Los usuarios se hacen responsables de la licitud y adecuaci\u00f3n del contenido que compartan por dichos canales de participaci\u00f3n. NEA no ser\u00e1 responsable de dichos contenidos cargados por los usuarios y se reserva el derecho de publicarlos o retirarlos.<\/p>\n<p>&nbsp;<\/p>\n<h3>6. INFORMACI\u00d3N LEGAL<\/h3>\n<p>El propietario de este sitio web es  <\/p>\n<p>se reserva todos los derechos sobre el dominio www.neverenougharchitecture.com, incluyendo su nombre, dise\u00f1o, c\u00f3digos fuente, estructura de navegaci\u00f3n y bases de datos, entre otros, as\u00ed como sobre la marca Never Enough Architecture (NEA) y su logotipo, que est\u00e1n protegidos legalmente. El uso no autorizado por parte de terceros dar\u00e1 lugar a la responsabilidad y a las indemnizaciones por da\u00f1os y perjuicios que correspondan seg\u00fan la legislaci\u00f3n vigente.<\/p>\n<p>En todas las cuestiones que afecten al tr\u00e1fico jur\u00eddico o impliquen relaciones jur\u00eddicas con terceros u obligaciones legales, todas las referencias a Never Enough Architecture (NEA) contenidas en los presentes T\u00e9rminos y Condiciones se entender\u00e1n realizadas al titular de la marca, , que es el \u00fanico sujeto que tiene capacidad jur\u00eddica para contraer obligaciones y reclamar sus derechos.<\/p>\n<p>&nbsp;<\/p>\n<h3>7. MODIFICACI\u00d3N DE LOS TERMINOS Y CONDICIONES<\/h3>\n<p>NEA se reserva el derecho de modificar estos T\u00e9rminos y Condiciones en cualquier momento. Las modificaciones entrar\u00e1n en vigor tras su publicaci\u00f3n en nuestro sitio web y vinculan directamente al usuario, que tiene la obligaci\u00f3n de revisarlas peri\u00f3dicamente. Siempre se indicar\u00e1 en la parte superior la fecha de la \u00faltima modificaci\u00f3n de estos T\u00e9rminos y Condiciones.<\/p>\n<p>&nbsp;<\/p>\n<h3>8. LEGISLACI\u00d3N APLICABLE Y JURISDICCI\u00d3N<\/h3>\n<p>Estos T\u00e9rminos y Condiciones se rigen por la legislaci\u00f3n espa\u00f1ola. Cualquier disputa que surja en relaci\u00f3n con estos T\u00e9rminos y Condiciones se resolver\u00e1 en los tribunales de Espa\u00f1a.<\/p>\n<p>&nbsp;<\/p>\n<h2><strong>NORMAS DE PARTICIPACI\u00d3N EN LOS CONCURSOS <\/strong><\/h2>\n<p>ACTUALIZADOS POR \u00daLTIMA VEZ: julio 2023<\/p>\n<p>&nbsp;<\/p>\n<h3>1. ELEGIBILIDAD Y REGISTRO<\/h3>\n<p>Los concursos est\u00e1n abiertos a cualquier persona mayor de 18 a\u00f1os, de cualquier nacionalidad y disciplina.<\/p>\n<p>Para participar en un concurso debe registrarse a trav\u00e9s de nuestra p\u00e1gina web, pagar el precio establecido y aceptar los T\u00e9rminos y Condiciones.<\/p>\n<p>El registro se hace por equipos, que pueden ser uno a cuatro participantes. Cada equipo registrado puede enviar un \u00fanico proyecto. Si un equipo desea enviar m\u00e1s de un proyecto deber\u00e1 formalizar tantos registros como proyectos desee presentar al concurso, abonando el correspondiente precio por cada registro.<\/p>\n<p>&nbsp;<\/p>\n<h3>2. PRECIO Y PREMIOS<\/h3>\n<p>El precio de registro es por equipo (no por persona) y var\u00eda dependiendo del per\u00edodo de inscripci\u00f3n. Hay cuatro periodos de inscripci\u00f3n, el precio de cada periodo se indica en la p\u00e1gina web y en el briefing. El precio no incluye IVA.<\/p>\n<p>Para participar en nuestros concursos, deber\u00e1 registrarse a trav\u00e9s de nuestra p\u00e1gina web y efectuar el pago del precio establecido. Una vez se haya efectuado el registro y el pago del precio correctamente, no se admiten cancelaciones ni devoluciones del dinero.<\/p>\n<p>A los premios anunciados se les aplicar\u00e1 la retenci\u00f3n fiscal que corresponda seg\u00fan la legislaci\u00f3n espa\u00f1ola vigente.<\/p>\n<p>&nbsp;<\/p>\n<h3>3. INFORMACI\u00d3N Y MATERIALES ADICIONALES<\/h3>\n<p>Toda la informaci\u00f3n relevante de cada concurso, incluyendo su tem\u00e1tica y requerimientos, el jurado seleccionado, el plazo establecido, el contenido e instructores del curso, las instrucciones de presentaci\u00f3n de los proyectos o los premios concedidos, entre otros aspectos, se establecer\u00e1n en el briefing de cada concurso y en el apartado correspondiente de la p\u00e1gina web.<\/p>\n<p>Adem\u00e1s, los concursos podr\u00e1n ir acompa\u00f1ados de material, documentaci\u00f3n e informaci\u00f3n complementaria que se facilitar\u00e1 a los participantes tras su registro y pago del precio correspondiente.<\/p>\n<p>&nbsp;<\/p>\n<h3>4. ELECCI\u00d3N DE LOS GANADORES<\/h3>\n<p>Los proyectos presentados que no cumplan con los requisitos de elegibilidad, con los T\u00e9rminos y Condiciones o con estas normas de participaci\u00f3n, ser\u00e1n descartados.<\/p>\n<p>Posteriormente, los expertos de NEA seleccionar\u00e1n aquellos proyectos que mejor cumplan con los criterios de evaluaci\u00f3n publicados. Estos proyectos seleccionados por NEA se presentar\u00e1n al jurado, que los evaluar\u00e1 siguiendo los criterios de evaluaci\u00f3n publicados. Los miembros del jurado podr\u00e1n tener acceso, si as\u00ed lo solicitan, a la totalidad de proyectos presentados.<\/p>\n<p>La elecci\u00f3n de los ganadores por el jurado se tomar\u00e1 mediante votaciones individuales de los miembros y tras una reuni\u00f3n y debate debatir conjunto.<\/p>\n<p>&nbsp;<\/p>\n<h3>5. PROPIEDAD INTELECTUAL<\/h3>\n<p>Los usuarios garantizan que son los autores intelectuales de los proyectos presentados y que no est\u00e1n infringiendo ning\u00fan derecho de propiedad intelectual con su presentaci\u00f3n en el concurso.<\/p>\n<p>Los usuarios retendr\u00e1n los derechos de autor de sus proyectos. Sin embargo, al participar en un concurso y presentar un proyecto, otorgan a NEA una licencia mundial, gratuita y no exclusiva para usar, reproducir, publicar y distribuir el proyecto en cualquier formato y a trav\u00e9s de cualquier medio de difusi\u00f3n. Esta licencia puede cancelarse enviando una solicitud a nuestro correo electr\u00f3nico:  <\/p>\n<p>&nbsp;<\/p>\n<h3>6. CANCELACI\u00d3N DEL CONCURSO<\/h3>\n<p>NEA se reserva el derecho de cancelar un concurso por falta de inscripciones avisando con antelaci\u00f3n y de manera individual a los usuarios que ya se hubieran registrado y hubieran pagado el precio. En este caso, se devolver\u00e1 el importe \u00edntegro del precio en el plazo de 15 d\u00edas desde la notificaci\u00f3n de la cancelaci\u00f3n.<\/p>\n<p>&nbsp;<\/p>\n<h3>7. MODIFICACI\u00d3N DE LAS NORMAS DE PARTICIPACI\u00d3N EN LOS CONCURSOS<\/h3>\n<p>NEA se reserva el derecho de modificar estas Normas de Participaci\u00f3n en sus concursos en cualquier momento, siendo vinculantes para los usuarios desde el momento de su publicaci\u00f3n en la p\u00e1gina web. Se indicar\u00e1 en la parte superior la fecha de la \u00faltima modificaci\u00f3n.<\/p>\n<p>&nbsp;<\/p>\n<h2>CONTACTO<\/h2>\n<p>Si tiene alguna pregunta sobre estas Condiciones o sobre las Normas de participaci\u00f3n en el concurso, puede ponerse en contacto con nosotros a trav\u00e9s de nuestro correo electr\u00f3nico:  <\/p>\n[\/vc_column_text][\/vc_column][\/vc_row]\n","protected":false},"excerpt":{"rendered":"<p>[vc_row type=&#8221;in_container&#8221; full_screen_row_position=&#8221;middle&#8221; column_margin=&#8221;default&#8221; column_direction=&#8221;default&#8221; column_direction_tablet=&#8221;default&#8221; column_direction_phone=&#8221;default&#8221; scene_position=&#8221;center&#8221; text_color=&#8221;dark&#8221; text_align=&#8221;left&#8221; row_border_radius=&#8221;none&#8221; row_border_radius_applies=&#8221;bg&#8221; overflow=&#8221;visible&#8221; overlay_strength=&#8221;0.3&#8243; gradient_direction=&#8221;left_to_right&#8221; shape_divider_position=&#8221;bottom&#8221; bg_image_animation=&#8221;none&#8221;][vc_column column_padding=&#8221;padding-10-percent&#8221; column_padding_tablet=&#8221;inherit&#8221; column_padding_phone=&#8221;inherit&#8221; column_padding_position=&#8221;top-bottom&#8221; column_element_direction_desktop=&#8221;default&#8221; column_element_spacing=&#8221;default&#8221; desktop_text_alignment=&#8221;default&#8221; tablet_text_alignment=&#8221;default&#8221; phone_text_alignment=&#8221;default&#8221; background_color_opacity=&#8221;1&#8243; background_hover_color_opacity=&#8221;1&#8243; column_backdrop_filter=&#8221;none&#8221; column_shadow=&#8221;none&#8221;&#8230;<\/p>\n","protected":false},"author":1,"featured_media":0,"parent":0,"menu_order":0,"comment_status":"closed","ping_status":"closed","template":"","meta":[],"folder":[],"yoast_head":"<!-- This site is optimized with the Yoast SEO plugin v21.1 - https:\/\/yoast.com\/wordpress\/plugins\/seo\/ -->\n<title>T\u00e9rminos, Condiciones y Pol\u00edtica de Privacidad - Never Enough Architecture<\/title>\n<meta name=\"robots\" content=\"index, follow, max-snippet:-1, max-image-preview:large, max-video-preview:-1\" \/>\n<link rel=\"canonical\" href=\"https:\/\/neverenougharchitecture.com\/es\/terminos-condiciones-y-politica-de-privacidad\/\" \/>\n<meta property=\"og:locale\" content=\"es_ES\" \/>\n<meta property=\"og:type\" content=\"article\" \/>\n<meta property=\"og:title\" content=\"T\u00e9rminos, Condiciones y Pol\u00edtica de Privacidad - Never Enough Architecture\" \/>\n<meta property=\"og:description\" content=\"[vc_row type=&#8221;in_container&#8221; full_screen_row_position=&#8221;middle&#8221; column_margin=&#8221;default&#8221; column_direction=&#8221;default&#8221; column_direction_tablet=&#8221;default&#8221; column_direction_phone=&#8221;default&#8221; scene_position=&#8221;center&#8221; text_color=&#8221;dark&#8221; text_align=&#8221;left&#8221; row_border_radius=&#8221;none&#8221; row_border_radius_applies=&#8221;bg&#8221; overflow=&#8221;visible&#8221; overlay_strength=&#8221;0.3&#8243; gradient_direction=&#8221;left_to_right&#8221; shape_divider_position=&#8221;bottom&#8221; bg_image_animation=&#8221;none&#8221;][vc_column column_padding=&#8221;padding-10-percent&#8221; column_padding_tablet=&#8221;inherit&#8221; column_padding_phone=&#8221;inherit&#8221; column_padding_position=&#8221;top-bottom&#8221; column_element_direction_desktop=&#8221;default&#8221; column_element_spacing=&#8221;default&#8221; desktop_text_alignment=&#8221;default&#8221; tablet_text_alignment=&#8221;default&#8221; phone_text_alignment=&#8221;default&#8221; background_color_opacity=&#8221;1&#8243; background_hover_color_opacity=&#8221;1&#8243; column_backdrop_filter=&#8221;none&#8221; column_shadow=&#8221;none&#8221;...\" \/>\n<meta property=\"og:url\" content=\"https:\/\/neverenougharchitecture.com\/es\/terminos-condiciones-y-politica-de-privacidad\/\" \/>\n<meta property=\"og:site_name\" content=\"Never Enough Architecture\" \/>\n<meta property=\"article:publisher\" content=\"https:\/\/www.facebook.com\/neverenougharchitecture\" \/>\n<meta property=\"article:modified_time\" content=\"2024-03-27T12:32:21+00:00\" \/>\n<meta name=\"twitter:card\" content=\"summary_large_image\" \/>\n<meta name=\"twitter:label1\" content=\"Tiempo de lectura\" \/>\n\t<meta name=\"twitter:data1\" content=\"10 minutos\" \/>\n<script type=\"application\/ld+json\" class=\"yoast-schema-graph\">{\"@context\":\"https:\/\/schema.org\",\"@graph\":[{\"@type\":\"WebPage\",\"@id\":\"https:\/\/neverenougharchitecture.com\/es\/terminos-condiciones-y-politica-de-privacidad\/\",\"url\":\"https:\/\/neverenougharchitecture.com\/es\/terminos-condiciones-y-politica-de-privacidad\/\",\"name\":\"T\u00e9rminos, Condiciones y Pol\u00edtica de Privacidad - Never Enough Architecture\",\"isPartOf\":{\"@id\":\"https:\/\/neverenougharchitecture.com\/es\/#website\"},\"datePublished\":\"2023-07-09T14:58:20+00:00\",\"dateModified\":\"2024-03-27T12:32:21+00:00\",\"breadcrumb\":{\"@id\":\"https:\/\/neverenougharchitecture.com\/es\/terminos-condiciones-y-politica-de-privacidad\/#breadcrumb\"},\"inLanguage\":\"es\",\"potentialAction\":[{\"@type\":\"ReadAction\",\"target\":[\"https:\/\/neverenougharchitecture.com\/es\/terminos-condiciones-y-politica-de-privacidad\/\"]}]},{\"@type\":\"BreadcrumbList\",\"@id\":\"https:\/\/neverenougharchitecture.com\/es\/terminos-condiciones-y-politica-de-privacidad\/#breadcrumb\",\"itemListElement\":[{\"@type\":\"ListItem\",\"position\":1,\"name\":\"Home\",\"item\":\"https:\/\/neverenougharchitecture.com\/es\/2576-2\/\"},{\"@type\":\"ListItem\",\"position\":2,\"name\":\"T\u00e9rminos, Condiciones y Pol\u00edtica de Privacidad\"}]},{\"@type\":\"WebSite\",\"@id\":\"https:\/\/neverenougharchitecture.com\/es\/#website\",\"url\":\"https:\/\/neverenougharchitecture.com\/es\/\",\"name\":\"Never Enough Architecture - Architecture Competitions and Education\",\"description\":\"Architecture Competitions and Education\",\"publisher\":{\"@id\":\"https:\/\/neverenougharchitecture.com\/es\/#organization\"},\"alternateName\":\"NEA - Architecture Competitions and Education\",\"potentialAction\":[{\"@type\":\"SearchAction\",\"target\":{\"@type\":\"EntryPoint\",\"urlTemplate\":\"https:\/\/neverenougharchitecture.com\/es\/?s={search_term_string}\"},\"query-input\":\"required name=search_term_string\"}],\"inLanguage\":\"es\"},{\"@type\":\"Organization\",\"@id\":\"https:\/\/neverenougharchitecture.com\/es\/#organization\",\"name\":\"Never Enough Architecture - Architecture Competitions and Education\",\"url\":\"https:\/\/neverenougharchitecture.com\/es\/\",\"logo\":{\"@type\":\"ImageObject\",\"inLanguage\":\"es\",\"@id\":\"https:\/\/neverenougharchitecture.com\/es\/#\/schema\/logo\/image\/\",\"url\":\"https:\/\/neverenougharchitecture.com\/wp-content\/uploads\/2023\/06\/Never-Enough-Architecture-VERSION-2-BW.png\",\"contentUrl\":\"https:\/\/neverenougharchitecture.com\/wp-content\/uploads\/2023\/06\/Never-Enough-Architecture-VERSION-2-BW.png\",\"width\":2697,\"height\":985,\"caption\":\"Never Enough Architecture - Architecture Competitions and Education\"},\"image\":{\"@id\":\"https:\/\/neverenougharchitecture.com\/es\/#\/schema\/logo\/image\/\"},\"sameAs\":[\"https:\/\/www.facebook.com\/neverenougharchitecture\"]}]}<\/script>\n<!-- \/ Yoast SEO plugin. -->","yoast_head_json":{"title":"T\u00e9rminos, Condiciones y Pol\u00edtica de Privacidad - Never Enough Architecture","robots":{"index":"index","follow":"follow","max-snippet":"max-snippet:-1","max-image-preview":"max-image-preview:large","max-video-preview":"max-video-preview:-1"},"canonical":"https:\/\/neverenougharchitecture.com\/es\/terminos-condiciones-y-politica-de-privacidad\/","og_locale":"es_ES","og_type":"article","og_title":"T\u00e9rminos, Condiciones y Pol\u00edtica de Privacidad - Never Enough Architecture","og_description":"[vc_row type=&#8221;in_container&#8221; full_screen_row_position=&#8221;middle&#8221; column_margin=&#8221;default&#8221; column_direction=&#8221;default&#8221; column_direction_tablet=&#8221;default&#8221; column_direction_phone=&#8221;default&#8221; scene_position=&#8221;center&#8221; text_color=&#8221;dark&#8221; text_align=&#8221;left&#8221; row_border_radius=&#8221;none&#8221; row_border_radius_applies=&#8221;bg&#8221; overflow=&#8221;visible&#8221; overlay_strength=&#8221;0.3&#8243; gradient_direction=&#8221;left_to_right&#8221; shape_divider_position=&#8221;bottom&#8221; bg_image_animation=&#8221;none&#8221;][vc_column column_padding=&#8221;padding-10-percent&#8221; column_padding_tablet=&#8221;inherit&#8221; column_padding_phone=&#8221;inherit&#8221; column_padding_position=&#8221;top-bottom&#8221; column_element_direction_desktop=&#8221;default&#8221; column_element_spacing=&#8221;default&#8221; desktop_text_alignment=&#8221;default&#8221; tablet_text_alignment=&#8221;default&#8221; phone_text_alignment=&#8221;default&#8221; background_color_opacity=&#8221;1&#8243; background_hover_color_opacity=&#8221;1&#8243; column_backdrop_filter=&#8221;none&#8221; column_shadow=&#8221;none&#8221;...","og_url":"https:\/\/neverenougharchitecture.com\/es\/terminos-condiciones-y-politica-de-privacidad\/","og_site_name":"Never Enough Architecture","article_publisher":"https:\/\/www.facebook.com\/neverenougharchitecture","article_modified_time":"2024-03-27T12:32:21+00:00","twitter_card":"summary_large_image","twitter_misc":{"Tiempo de lectura":"10 minutos"},"schema":{"@context":"https:\/\/schema.org","@graph":[{"@type":"WebPage","@id":"https:\/\/neverenougharchitecture.com\/es\/terminos-condiciones-y-politica-de-privacidad\/","url":"https:\/\/neverenougharchitecture.com\/es\/terminos-condiciones-y-politica-de-privacidad\/","name":"T\u00e9rminos, Condiciones y Pol\u00edtica de Privacidad - Never Enough Architecture","isPartOf":{"@id":"https:\/\/neverenougharchitecture.com\/es\/#website"},"datePublished":"2023-07-09T14:58:20+00:00","dateModified":"2024-03-27T12:32:21+00:00","breadcrumb":{"@id":"https:\/\/neverenougharchitecture.com\/es\/terminos-condiciones-y-politica-de-privacidad\/#breadcrumb"},"inLanguage":"es","potentialAction":[{"@type":"ReadAction","target":["https:\/\/neverenougharchitecture.com\/es\/terminos-condiciones-y-politica-de-privacidad\/"]}]},{"@type":"BreadcrumbList","@id":"https:\/\/neverenougharchitecture.com\/es\/terminos-condiciones-y-politica-de-privacidad\/#breadcrumb","itemListElement":[{"@type":"ListItem","position":1,"name":"Home","item":"https:\/\/neverenougharchitecture.com\/es\/2576-2\/"},{"@type":"ListItem","position":2,"name":"T\u00e9rminos, Condiciones y Pol\u00edtica de Privacidad"}]},{"@type":"WebSite","@id":"https:\/\/neverenougharchitecture.com\/es\/#website","url":"https:\/\/neverenougharchitecture.com\/es\/","name":"Never Enough Architecture - Architecture Competitions and Education","description":"Architecture Competitions and Education","publisher":{"@id":"https:\/\/neverenougharchitecture.com\/es\/#organization"},"alternateName":"NEA - Architecture Competitions and Education","potentialAction":[{"@type":"SearchAction","target":{"@type":"EntryPoint","urlTemplate":"https:\/\/neverenougharchitecture.com\/es\/?s={search_term_string}"},"query-input":"required name=search_term_string"}],"inLanguage":"es"},{"@type":"Organization","@id":"https:\/\/neverenougharchitecture.com\/es\/#organization","name":"Never Enough Architecture - Architecture Competitions and Education","url":"https:\/\/neverenougharchitecture.com\/es\/","logo":{"@type":"ImageObject","inLanguage":"es","@id":"https:\/\/neverenougharchitecture.com\/es\/#\/schema\/logo\/image\/","url":"https:\/\/neverenougharchitecture.com\/wp-content\/uploads\/2023\/06\/Never-Enough-Architecture-VERSION-2-BW.png","contentUrl":"https:\/\/neverenougharchitecture.com\/wp-content\/uploads\/2023\/06\/Never-Enough-Architecture-VERSION-2-BW.png","width":2697,"height":985,"caption":"Never Enough Architecture - Architecture Competitions and Education"},"image":{"@id":"https:\/\/neverenougharchitecture.com\/es\/#\/schema\/logo\/image\/"},"sameAs":["https:\/\/www.facebook.com\/neverenougharchitecture"]}]}},"_links":{"self":[{"href":"https:\/\/neverenougharchitecture.com\/es\/wp-json\/wp\/v2\/pages\/1057"}],"collection":[{"href":"https:\/\/neverenougharchitecture.com\/es\/wp-json\/wp\/v2\/pages"}],"about":[{"href":"https:\/\/neverenougharchitecture.com\/es\/wp-json\/wp\/v2\/types\/page"}],"author":[{"embeddable":true,"href":"https:\/\/neverenougharchitecture.com\/es\/wp-json\/wp\/v2\/users\/1"}],"replies":[{"embeddable":true,"href":"https:\/\/neverenougharchitecture.com\/es\/wp-json\/wp\/v2\/comments?post=1057"}],"version-history":[{"count":4,"href":"https:\/\/neverenougharchitecture.com\/es\/wp-json\/wp\/v2\/pages\/1057\/revisions"}],"predecessor-version":[{"id":4313,"href":"https:\/\/neverenougharchitecture.com\/es\/wp-json\/wp\/v2\/pages\/1057\/revisions\/4313"}],"wp:attachment":[{"href":"https:\/\/neverenougharchitecture.com\/es\/wp-json\/wp\/v2\/media?parent=1057"}],"wp:term":[{"taxonomy":"folder","embeddable":true,"href":"https:\/\/neverenougharchitecture.com\/es\/wp-json\/wp\/v2\/folder?post=1057"}],"curies":[{"name":"wp","href":"https:\/\/api.w.org\/{rel}","templated":true}]}}