


{"id":3334,"date":"2023-07-03T08:24:36","date_gmt":"2023-07-03T06:24:36","guid":{"rendered":"https:\/\/neverenougharchitecture.com\/producto\/ai-x-biomimicry-concurso-de-arquitectura-curso\/"},"modified":"2023-10-30T18:06:34","modified_gmt":"2023-10-30T17:06:34","slug":"aixbiomimicry","status":"publish","type":"product","link":"https:\/\/neverenougharchitecture.com\/es\/producto\/aixbiomimicry\/","title":{"rendered":"AI x Biomimicry: concurso de arquitectura + curso"},"content":{"rendered":"<p>Ad\u00e9ntrate en el futuro de la arquitectura con nuestro concurso de arquitectura AI x Biomimicry. Este acontecimiento \u00fanico reta a los participantes a explorar la intersecci\u00f3n entre la inteligencia artificial y la biomim\u00e9tica en el dise\u00f1o arquitect\u00f3nico. Tu inscripci\u00f3n no s\u00f3lo te permite participar en el concurso, sino que tambi\u00e9n te da acceso a nuestro exclusivo curso en l\u00ednea dirigido por expertos del sector.<\/p>\n<p>El curso se centra en la aplicaci\u00f3n de la IA y la biomim\u00e9tica en la arquitectura, proporcion\u00e1ndote los conocimientos y habilidades necesarios para crear dise\u00f1os innovadores, sostenibles y visualmente impactantes. Esto es m\u00e1s que un concurso; es una experiencia de aprendizaje integral dise\u00f1ada para mejorar tu comprensi\u00f3n y aplicaci\u00f3n de estos conceptos vanguardistas en tus dise\u00f1os.<\/p>\n<p>Al participar, tendr\u00e1s la oportunidad de:<\/p>\n<ul>\n<li>Aprende de las principales figuras de la arquitectura internacional.<\/li>\n<li>Desarrolla y perfecciona tus habilidades de dise\u00f1o en IA y biomim\u00e9tica.<\/li>\n<li>Muestra tu trabajo a un jurado internacional formado por arquitectos de prestigio.<\/li>\n<li>Conecta con una comunidad mundial de apasionados de la arquitectura con ideas e intereses similares.<\/li>\n<li>Contribuir al futuro del dise\u00f1o arquitect\u00f3nico sostenible e innovador.<\/li>\n<\/ul>\n<p>\u00danete a nosotros en este apasionante viaje de exploraci\u00f3n, aprendizaje e innovaci\u00f3n. Reg\u00edstrate hoy mismo y redefinamos juntos el futuro de la arquitectura.<\/p>\n","protected":false},"excerpt":{"rendered":"<p>Participa en el Concurso de Arquitectura AI x Biomimicry y sum\u00e9rgete en una experiencia de aprendizaje \u00fanica. Este curso + concurso te ofrece la oportunidad de explorar la intersecci\u00f3n de la IA y la biomim\u00e9tica en la arquitectura guiado por expertos del sector.<\/p>\n","protected":false},"featured_media":1186,"template":"","meta":[],"product_cat":[49],"product_tag":[50],"yoast_head":"<!-- This site is optimized with the Yoast SEO plugin v21.1 - https:\/\/yoast.com\/wordpress\/plugins\/seo\/ -->\n<title>AI x Biomimicry: concurso de arquitectura + curso - Never Enough Architecture<\/title>\n<meta name=\"robots\" content=\"index, follow, max-snippet:-1, max-image-preview:large, max-video-preview:-1\" \/>\n<link rel=\"canonical\" href=\"https:\/\/neverenougharchitecture.com\/es\/producto\/aixbiomimicry\/\" \/>\n<meta property=\"og:locale\" content=\"es_ES\" \/>\n<meta property=\"og:type\" content=\"article\" \/>\n<meta property=\"og:title\" content=\"AI x Biomimicry: concurso de arquitectura + curso - Never Enough Architecture\" \/>\n<meta property=\"og:description\" content=\"Participa en el Concurso de Arquitectura AI x Biomimicry y sum\u00e9rgete en una experiencia de aprendizaje \u00fanica. Este curso + concurso te ofrece la oportunidad de explorar la intersecci\u00f3n de la IA y la biomim\u00e9tica en la arquitectura guiado por expertos del sector.\" \/>\n<meta property=\"og:url\" content=\"https:\/\/neverenougharchitecture.com\/es\/producto\/aixbiomimicry\/\" \/>\n<meta property=\"og:site_name\" content=\"Never Enough Architecture\" \/>\n<meta property=\"article:publisher\" content=\"https:\/\/www.facebook.com\/neverenougharchitecture\" \/>\n<meta property=\"article:modified_time\" content=\"2023-10-30T17:06:34+00:00\" \/>\n<meta property=\"og:image\" content=\"https:\/\/neverenougharchitecture.com\/wp-content\/uploads\/2023\/07\/mail-scaled.jpg\" \/>\n\t<meta property=\"og:image:width\" content=\"2560\" \/>\n\t<meta property=\"og:image:height\" content=\"1890\" \/>\n\t<meta property=\"og:image:type\" content=\"image\/jpeg\" \/>\n<meta name=\"twitter:card\" content=\"summary_large_image\" \/>\n<meta name=\"twitter:label1\" content=\"Tiempo de lectura\" \/>\n\t<meta name=\"twitter:data1\" content=\"1 minuto\" \/>\n<script type=\"application\/ld+json\" class=\"yoast-schema-graph\">{\"@context\":\"https:\/\/schema.org\",\"@graph\":[{\"@type\":\"WebPage\",\"@id\":\"https:\/\/neverenougharchitecture.com\/es\/producto\/aixbiomimicry\/\",\"url\":\"https:\/\/neverenougharchitecture.com\/es\/producto\/aixbiomimicry\/\",\"name\":\"AI x Biomimicry: concurso de arquitectura + curso - Never Enough Architecture\",\"isPartOf\":{\"@id\":\"https:\/\/neverenougharchitecture.com\/es\/#website\"},\"datePublished\":\"2023-07-03T06:24:36+00:00\",\"dateModified\":\"2023-10-30T17:06:34+00:00\",\"breadcrumb\":{\"@id\":\"https:\/\/neverenougharchitecture.com\/es\/producto\/aixbiomimicry\/#breadcrumb\"},\"inLanguage\":\"es\",\"potentialAction\":[{\"@type\":\"ReadAction\",\"target\":[\"https:\/\/neverenougharchitecture.com\/es\/producto\/aixbiomimicry\/\"]}]},{\"@type\":\"BreadcrumbList\",\"@id\":\"https:\/\/neverenougharchitecture.com\/es\/producto\/aixbiomimicry\/#breadcrumb\",\"itemListElement\":[{\"@type\":\"ListItem\",\"position\":1,\"name\":\"Home\",\"item\":\"https:\/\/neverenougharchitecture.com\/es\/2576-2\/\"},{\"@type\":\"ListItem\",\"position\":2,\"name\":\"Concursos y cursos disponibles\",\"item\":\"https:\/\/neverenougharchitecture.com\/es\/tienda\/\"},{\"@type\":\"ListItem\",\"position\":3,\"name\":\"AI x Biomimicry: concurso de arquitectura + curso\"}]},{\"@type\":\"WebSite\",\"@id\":\"https:\/\/neverenougharchitecture.com\/es\/#website\",\"url\":\"https:\/\/neverenougharchitecture.com\/es\/\",\"name\":\"Never Enough Architecture - Architecture Competitions and Education\",\"description\":\"Architecture Competitions and Education\",\"publisher\":{\"@id\":\"https:\/\/neverenougharchitecture.com\/es\/#organization\"},\"alternateName\":\"NEA - Architecture Competitions and Education\",\"potentialAction\":[{\"@type\":\"SearchAction\",\"target\":{\"@type\":\"EntryPoint\",\"urlTemplate\":\"https:\/\/neverenougharchitecture.com\/es\/?s={search_term_string}\"},\"query-input\":\"required name=search_term_string\"}],\"inLanguage\":\"es\"},{\"@type\":\"Organization\",\"@id\":\"https:\/\/neverenougharchitecture.com\/es\/#organization\",\"name\":\"Never Enough Architecture - Architecture Competitions and Education\",\"url\":\"https:\/\/neverenougharchitecture.com\/es\/\",\"logo\":{\"@type\":\"ImageObject\",\"inLanguage\":\"es\",\"@id\":\"https:\/\/neverenougharchitecture.com\/es\/#\/schema\/logo\/image\/\",\"url\":\"https:\/\/neverenougharchitecture.com\/wp-content\/uploads\/2023\/06\/Never-Enough-Architecture-VERSION-2-BW.png\",\"contentUrl\":\"https:\/\/neverenougharchitecture.com\/wp-content\/uploads\/2023\/06\/Never-Enough-Architecture-VERSION-2-BW.png\",\"width\":2697,\"height\":985,\"caption\":\"Never Enough Architecture - Architecture Competitions and Education\"},\"image\":{\"@id\":\"https:\/\/neverenougharchitecture.com\/es\/#\/schema\/logo\/image\/\"},\"sameAs\":[\"https:\/\/www.facebook.com\/neverenougharchitecture\"]}]}<\/script>\n<!-- \/ Yoast SEO plugin. -->","yoast_head_json":{"title":"AI x Biomimicry: concurso de arquitectura + curso - Never Enough Architecture","robots":{"index":"index","follow":"follow","max-snippet":"max-snippet:-1","max-image-preview":"max-image-preview:large","max-video-preview":"max-video-preview:-1"},"canonical":"https:\/\/neverenougharchitecture.com\/es\/producto\/aixbiomimicry\/","og_locale":"es_ES","og_type":"article","og_title":"AI x Biomimicry: concurso de arquitectura + curso - Never Enough Architecture","og_description":"Participa en el Concurso de Arquitectura AI x Biomimicry y sum\u00e9rgete en una experiencia de aprendizaje \u00fanica. Este curso + concurso te ofrece la oportunidad de explorar la intersecci\u00f3n de la IA y la biomim\u00e9tica en la arquitectura guiado por expertos del sector.","og_url":"https:\/\/neverenougharchitecture.com\/es\/producto\/aixbiomimicry\/","og_site_name":"Never Enough Architecture","article_publisher":"https:\/\/www.facebook.com\/neverenougharchitecture","article_modified_time":"2023-10-30T17:06:34+00:00","og_image":[{"width":2560,"height":1890,"url":"https:\/\/neverenougharchitecture.com\/wp-content\/uploads\/2023\/07\/mail-scaled.jpg","type":"image\/jpeg"}],"twitter_card":"summary_large_image","twitter_misc":{"Tiempo de lectura":"1 minuto"},"schema":{"@context":"https:\/\/schema.org","@graph":[{"@type":"WebPage","@id":"https:\/\/neverenougharchitecture.com\/es\/producto\/aixbiomimicry\/","url":"https:\/\/neverenougharchitecture.com\/es\/producto\/aixbiomimicry\/","name":"AI x Biomimicry: concurso de arquitectura + curso - Never Enough Architecture","isPartOf":{"@id":"https:\/\/neverenougharchitecture.com\/es\/#website"},"datePublished":"2023-07-03T06:24:36+00:00","dateModified":"2023-10-30T17:06:34+00:00","breadcrumb":{"@id":"https:\/\/neverenougharchitecture.com\/es\/producto\/aixbiomimicry\/#breadcrumb"},"inLanguage":"es","potentialAction":[{"@type":"ReadAction","target":["https:\/\/neverenougharchitecture.com\/es\/producto\/aixbiomimicry\/"]}]},{"@type":"BreadcrumbList","@id":"https:\/\/neverenougharchitecture.com\/es\/producto\/aixbiomimicry\/#breadcrumb","itemListElement":[{"@type":"ListItem","position":1,"name":"Home","item":"https:\/\/neverenougharchitecture.com\/es\/2576-2\/"},{"@type":"ListItem","position":2,"name":"Concursos y cursos disponibles","item":"https:\/\/neverenougharchitecture.com\/es\/tienda\/"},{"@type":"ListItem","position":3,"name":"AI x Biomimicry: concurso de arquitectura + curso"}]},{"@type":"WebSite","@id":"https:\/\/neverenougharchitecture.com\/es\/#website","url":"https:\/\/neverenougharchitecture.com\/es\/","name":"Never Enough Architecture - Architecture Competitions and Education","description":"Architecture Competitions and Education","publisher":{"@id":"https:\/\/neverenougharchitecture.com\/es\/#organization"},"alternateName":"NEA - Architecture Competitions and Education","potentialAction":[{"@type":"SearchAction","target":{"@type":"EntryPoint","urlTemplate":"https:\/\/neverenougharchitecture.com\/es\/?s={search_term_string}"},"query-input":"required name=search_term_string"}],"inLanguage":"es"},{"@type":"Organization","@id":"https:\/\/neverenougharchitecture.com\/es\/#organization","name":"Never Enough Architecture - Architecture Competitions and Education","url":"https:\/\/neverenougharchitecture.com\/es\/","logo":{"@type":"ImageObject","inLanguage":"es","@id":"https:\/\/neverenougharchitecture.com\/es\/#\/schema\/logo\/image\/","url":"https:\/\/neverenougharchitecture.com\/wp-content\/uploads\/2023\/06\/Never-Enough-Architecture-VERSION-2-BW.png","contentUrl":"https:\/\/neverenougharchitecture.com\/wp-content\/uploads\/2023\/06\/Never-Enough-Architecture-VERSION-2-BW.png","width":2697,"height":985,"caption":"Never Enough Architecture - Architecture Competitions and Education"},"image":{"@id":"https:\/\/neverenougharchitecture.com\/es\/#\/schema\/logo\/image\/"},"sameAs":["https:\/\/www.facebook.com\/neverenougharchitecture"]}]}},"_links":{"self":[{"href":"https:\/\/neverenougharchitecture.com\/es\/wp-json\/wp\/v2\/product\/3334"}],"collection":[{"href":"https:\/\/neverenougharchitecture.com\/es\/wp-json\/wp\/v2\/product"}],"about":[{"href":"https:\/\/neverenougharchitecture.com\/es\/wp-json\/wp\/v2\/types\/product"}],"wp:featuredmedia":[{"embeddable":true,"href":"https:\/\/neverenougharchitecture.com\/es\/wp-json\/wp\/v2\/media\/1186"}],"wp:attachment":[{"href":"https:\/\/neverenougharchitecture.com\/es\/wp-json\/wp\/v2\/media?parent=3334"}],"wp:term":[{"taxonomy":"product_cat","embeddable":true,"href":"https:\/\/neverenougharchitecture.com\/es\/wp-json\/wp\/v2\/product_cat?post=3334"},{"taxonomy":"product_tag","embeddable":true,"href":"https:\/\/neverenougharchitecture.com\/es\/wp-json\/wp\/v2\/product_tag?post=3334"}],"curies":[{"name":"wp","href":"https:\/\/api.w.org\/{rel}","templated":true}]}}